{"id":838,"date":"2015-07-04T20:22:46","date_gmt":"2015-07-04T20:22:46","guid":{"rendered":"http:\/\/www.sy-pauline.de\/wordpress\/?page_id=838"},"modified":"2015-07-12T18:42:32","modified_gmt":"2015-07-12T18:42:32","slug":"der-transport-in-die-heimische-scheune-juli-2014","status":"publish","type":"page","link":"https:\/\/www.sy-pauline.de\/wordpress\/logbuch\/der-transport-in-die-heimische-scheune-juli-2014\/","title":{"rendered":"Der Transport in die heimische Scheune (30. Juni 2014)"},"content":{"rendered":"<p>Eigentlich wollten wir die Pauline ja mit dem eigenen H\u00e4nger zu uns holen. Allerdings hat sich dann herausgestellt das das Schiff wohl etwas zu schwer f\u00fcr den Anh\u00e4nger ist, jedenfalls waere der Anhaenger schon mit dem Leergewicht \u00fcberladen gewesen. Da die Pauline aber ueber 1 Tonne mehr als das eingetragene Leergewicht am Haken hatte w\u00e4re das bei einer Kontrolle wohl nicht ohne Probleme durchgegangen. Wir haben uns daher zum Transport einen Profi engagiert.<\/p>\n<p>Zuvor haben wir die Pauline bei str\u00f6menden Regen transportfertig gemacht.<\/p>\n\n\t\t<style type=\"text\/css\">\n\t\t\t#gallery-1 {\n\t\t\t\tmargin: auto;\n\t\t\t}\n\t\t\t#gallery-1 .gallery-item {\n\t\t\t\tfloat: left;\n\t\t\t\tmargin-top: 10px;\n\t\t\t\ttext-align: center;\n\t\t\t\twidth: 33%;\n\t\t\t}\n\t\t\t#gallery-1 img {\n\t\t\t\tborder: 2px solid #cfcfcf;\n\t\t\t}\n\t\t\t#gallery-1 .gallery-caption {\n\t\t\t\tmargin-left: 0;\n\t\t\t}\n\t\t\t\/* see gallery_shortcode() in wp-includes\/media.php *\/\n\t\t<\/style>\n\t\t<div id='gallery-1' class='gallery galleryid-838 gallery-columns-3 gallery-size-thumbnail'><dl class='gallery-item'>\n\t\t\t<dt class='gallery-icon landscape'>\n\t\t\t\t<a href='https:\/\/www.sy-pauline.de\/wordpress\/logbuch\/der-transport-in-die-heimische-scheune-juli-2014\/img_1489\/'><img loading=\"lazy\" decoding=\"async\" width=\"150\" height=\"150\" src=\"https:\/\/www.sy-pauline.de\/wordpress\/wp-content\/uploads\/2015\/07\/IMG_1489-150x150.jpg\" class=\"attachment-thumbnail size-thumbnail\" alt=\"\" aria-describedby=\"gallery-1-846\" \/><\/a>\n\t\t\t<\/dt>\n\t\t\t\t<dd class='wp-caption-text gallery-caption' id='gallery-1-846'>\n\t\t\t\tZwangspause\n\t\t\t\t<\/dd><\/dl><dl class='gallery-item'>\n\t\t\t<dt class='gallery-icon landscape'>\n\t\t\t\t<a href='https:\/\/www.sy-pauline.de\/wordpress\/logbuch\/der-transport-in-die-heimische-scheune-juli-2014\/img_1490\/'><img loading=\"lazy\" decoding=\"async\" width=\"150\" height=\"150\" src=\"https:\/\/www.sy-pauline.de\/wordpress\/wp-content\/uploads\/2015\/07\/IMG_1490-150x150.jpg\" class=\"attachment-thumbnail size-thumbnail\" alt=\"\" \/><\/a>\n\t\t\t<\/dt><\/dl><dl class='gallery-item'>\n\t\t\t<dt class='gallery-icon portrait'>\n\t\t\t\t<a href='https:\/\/www.sy-pauline.de\/wordpress\/img_1491\/'><img loading=\"lazy\" decoding=\"async\" width=\"150\" height=\"150\" src=\"https:\/\/www.sy-pauline.de\/wordpress\/wp-content\/uploads\/2014\/06\/IMG_1491-150x150.jpg\" class=\"attachment-thumbnail size-thumbnail\" alt=\"\" aria-describedby=\"gallery-1-239\" \/><\/a>\n\t\t\t<\/dt>\n\t\t\t\t<dd class='wp-caption-text gallery-caption' id='gallery-1-239'>\n\t\t\t\tTransportfertig, nach 5 Stunden Arbeit im str\u00f6menden Regen\n\t\t\t\t<\/dd><\/dl><br style=\"clear: both\" \/>\n\t\t<\/div>\n\n<p>Am n\u00e4chsten Tag lief dann aber alles wie es sollte. P\u00fcnktlich um 8:00 Uhr ging es los&#8230;.<\/p>\n\n\t\t<style type=\"text\/css\">\n\t\t\t#gallery-2 {\n\t\t\t\tmargin: auto;\n\t\t\t}\n\t\t\t#gallery-2 .gallery-item {\n\t\t\t\tfloat: left;\n\t\t\t\tmargin-top: 10px;\n\t\t\t\ttext-align: center;\n\t\t\t\twidth: 33%;\n\t\t\t}\n\t\t\t#gallery-2 img {\n\t\t\t\tborder: 2px solid #cfcfcf;\n\t\t\t}\n\t\t\t#gallery-2 .gallery-caption {\n\t\t\t\tmargin-left: 0;\n\t\t\t}\n\t\t\t\/* see gallery_shortcode() in wp-includes\/media.php *\/\n\t\t<\/style>\n\t\t<div id='gallery-2' class='gallery galleryid-838 gallery-columns-3 gallery-size-thumbnail'><dl class='gallery-item'>\n\t\t\t<dt class='gallery-icon landscape'>\n\t\t\t\t<a href='https:\/\/www.sy-pauline.de\/wordpress\/img_1131\/'><img loading=\"lazy\" decoding=\"async\" width=\"150\" height=\"150\" src=\"https:\/\/www.sy-pauline.de\/wordpress\/wp-content\/uploads\/2014\/06\/IMG_1131-150x150.jpg\" class=\"attachment-thumbnail size-thumbnail\" alt=\"\" aria-describedby=\"gallery-2-240\" \/><\/a>\n\t\t\t<\/dt>\n\t\t\t\t<dd class='wp-caption-text gallery-caption' id='gallery-2-240'>\n\t\t\t\tSchiff wird mit Lagerbock auf den Tieflader verladen\n\t\t\t\t<\/dd><\/dl><dl class='gallery-item'>\n\t\t\t<dt class='gallery-icon portrait'>\n\t\t\t\t<a href='https:\/\/www.sy-pauline.de\/wordpress\/img_1152\/'><img loading=\"lazy\" decoding=\"async\" width=\"150\" height=\"150\" src=\"https:\/\/www.sy-pauline.de\/wordpress\/wp-content\/uploads\/2014\/06\/IMG_1152-150x150.jpg\" class=\"attachment-thumbnail size-thumbnail\" alt=\"\" aria-describedby=\"gallery-2-241\" \/><\/a>\n\t\t\t<\/dt>\n\t\t\t\t<dd class='wp-caption-text gallery-caption' id='gallery-2-241'>\n\t\t\t\thmm, das hat mich jetzt schon etwas stuzig gemacht\n\t\t\t\t<\/dd><\/dl><dl class='gallery-item'>\n\t\t\t<dt class='gallery-icon landscape'>\n\t\t\t\t<a href='https:\/\/www.sy-pauline.de\/wordpress\/img_1493\/'><img loading=\"lazy\" decoding=\"async\" width=\"150\" height=\"150\" src=\"https:\/\/www.sy-pauline.de\/wordpress\/wp-content\/uploads\/2014\/06\/IMG_1493-150x150.jpg\" class=\"attachment-thumbnail size-thumbnail\" alt=\"\" aria-describedby=\"gallery-2-242\" \/><\/a>\n\t\t\t<\/dt>\n\t\t\t\t<dd class='wp-caption-text gallery-caption' id='gallery-2-242'>\n\t\t\t\tLos gehts, mal wieder im str\u00f6menden Regern\n\t\t\t\t<\/dd><\/dl><br style=\"clear: both\" \/><dl class='gallery-item'>\n\t\t\t<dt class='gallery-icon landscape'>\n\t\t\t\t<a href='https:\/\/www.sy-pauline.de\/wordpress\/img_1494\/'><img loading=\"lazy\" decoding=\"async\" width=\"150\" height=\"150\" src=\"https:\/\/www.sy-pauline.de\/wordpress\/wp-content\/uploads\/2014\/06\/IMG_1494-150x150.jpg\" class=\"attachment-thumbnail size-thumbnail\" alt=\"\" aria-describedby=\"gallery-2-243\" \/><\/a>\n\t\t\t<\/dt>\n\t\t\t\t<dd class='wp-caption-text gallery-caption' id='gallery-2-243'>\n\t\t\t\tKran steht daheim schon bereit\n\t\t\t\t<\/dd><\/dl><dl class='gallery-item'>\n\t\t\t<dt class='gallery-icon landscape'>\n\t\t\t\t<a href='https:\/\/www.sy-pauline.de\/wordpress\/img_1165\/'><img loading=\"lazy\" decoding=\"async\" width=\"150\" height=\"150\" src=\"https:\/\/www.sy-pauline.de\/wordpress\/wp-content\/uploads\/2014\/06\/IMG_1165-150x150.jpg\" class=\"attachment-thumbnail size-thumbnail\" alt=\"\" aria-describedby=\"gallery-2-244\" \/><\/a>\n\t\t\t<\/dt>\n\t\t\t\t<dd class='wp-caption-text gallery-caption' id='gallery-2-244'>\n\t\t\t\tPauline vor der Einfahrt in den Ort\n\t\t\t\t<\/dd><\/dl><dl class='gallery-item'>\n\t\t\t<dt class='gallery-icon portrait'>\n\t\t\t\t<a href='https:\/\/www.sy-pauline.de\/wordpress\/img_1495\/'><img loading=\"lazy\" decoding=\"async\" width=\"150\" height=\"150\" src=\"https:\/\/www.sy-pauline.de\/wordpress\/wp-content\/uploads\/2014\/06\/IMG_1495-150x150.jpg\" class=\"attachment-thumbnail size-thumbnail\" alt=\"\" aria-describedby=\"gallery-2-245\" \/><\/a>\n\t\t\t<\/dt>\n\t\t\t\t<dd class='wp-caption-text gallery-caption' id='gallery-2-245'>\n\t\t\t\tund auf den letzten Metern bis zur Abladestelle\n\t\t\t\t<\/dd><\/dl><br style=\"clear: both\" \/><dl class='gallery-item'>\n\t\t\t<dt class='gallery-icon landscape'>\n\t\t\t\t<a href='https:\/\/www.sy-pauline.de\/wordpress\/img_1167\/'><img loading=\"lazy\" decoding=\"async\" width=\"150\" height=\"150\" src=\"https:\/\/www.sy-pauline.de\/wordpress\/wp-content\/uploads\/2014\/06\/IMG_1167-150x150.jpg\" class=\"attachment-thumbnail size-thumbnail\" alt=\"\" aria-describedby=\"gallery-2-246\" \/><\/a>\n\t\t\t<\/dt>\n\t\t\t\t<dd class='wp-caption-text gallery-caption' id='gallery-2-246'>\n\t\t\t\tDa ist sie\n\t\t\t\t<\/dd><\/dl><dl class='gallery-item'>\n\t\t\t<dt class='gallery-icon landscape'>\n\t\t\t\t<a href='https:\/\/www.sy-pauline.de\/wordpress\/img_1168\/'><img loading=\"lazy\" decoding=\"async\" width=\"150\" height=\"150\" src=\"https:\/\/www.sy-pauline.de\/wordpress\/wp-content\/uploads\/2014\/06\/IMG_1168-150x150.jpg\" class=\"attachment-thumbnail size-thumbnail\" alt=\"\" aria-describedby=\"gallery-2-247\" \/><\/a>\n\t\t\t<\/dt>\n\t\t\t\t<dd class='wp-caption-text gallery-caption' id='gallery-2-247'>\n\t\t\t\tSieht neben dem Kran irgendwie klein aus\n\t\t\t\t<\/dd><\/dl><dl class='gallery-item'>\n\t\t\t<dt class='gallery-icon portrait'>\n\t\t\t\t<a href='https:\/\/www.sy-pauline.de\/wordpress\/img_1182\/'><img loading=\"lazy\" decoding=\"async\" width=\"150\" height=\"150\" src=\"https:\/\/www.sy-pauline.de\/wordpress\/wp-content\/uploads\/2014\/06\/IMG_1182-150x150.jpg\" class=\"attachment-thumbnail size-thumbnail\" alt=\"\" aria-describedby=\"gallery-2-248\" \/><\/a>\n\t\t\t<\/dt>\n\t\t\t\t<dd class='wp-caption-text gallery-caption' id='gallery-2-248'>\n\t\t\t\tAuf gehts durch die Luft&#8230;\n\t\t\t\t<\/dd><\/dl><br style=\"clear: both\" \/><dl class='gallery-item'>\n\t\t\t<dt class='gallery-icon portrait'>\n\t\t\t\t<a href='https:\/\/www.sy-pauline.de\/wordpress\/img_1191\/'><img loading=\"lazy\" decoding=\"async\" width=\"150\" height=\"150\" src=\"https:\/\/www.sy-pauline.de\/wordpress\/wp-content\/uploads\/2014\/06\/IMG_1191-150x150.jpg\" class=\"attachment-thumbnail size-thumbnail\" alt=\"\" aria-describedby=\"gallery-2-249\" \/><\/a>\n\t\t\t<\/dt>\n\t\t\t\t<dd class='wp-caption-text gallery-caption' id='gallery-2-249'>\n\t\t\t\teinmal \u00fcber die heimischen Obstb\u00e4ume\n\t\t\t\t<\/dd><\/dl><dl class='gallery-item'>\n\t\t\t<dt class='gallery-icon portrait'>\n\t\t\t\t<a href='https:\/\/www.sy-pauline.de\/wordpress\/img_1192\/'><img loading=\"lazy\" decoding=\"async\" width=\"150\" height=\"150\" src=\"https:\/\/www.sy-pauline.de\/wordpress\/wp-content\/uploads\/2014\/06\/IMG_1192-150x150.jpg\" class=\"attachment-thumbnail size-thumbnail\" alt=\"\" aria-describedby=\"gallery-2-250\" \/><\/a>\n\t\t\t<\/dt>\n\t\t\t\t<dd class='wp-caption-text gallery-caption' id='gallery-2-250'>\n\t\t\t\t&#8230;.\n\t\t\t\t<\/dd><\/dl><dl class='gallery-item'>\n\t\t\t<dt class='gallery-icon portrait'>\n\t\t\t\t<a href='https:\/\/www.sy-pauline.de\/wordpress\/img_1193\/'><img loading=\"lazy\" decoding=\"async\" width=\"150\" height=\"150\" src=\"https:\/\/www.sy-pauline.de\/wordpress\/wp-content\/uploads\/2014\/06\/IMG_1193-150x150.jpg\" class=\"attachment-thumbnail size-thumbnail\" alt=\"\" aria-describedby=\"gallery-2-251\" \/><\/a>\n\t\t\t<\/dt>\n\t\t\t\t<dd class='wp-caption-text gallery-caption' id='gallery-2-251'>\n\t\t\t\t&#8230;\n\t\t\t\t<\/dd><\/dl><br style=\"clear: both\" \/><dl class='gallery-item'>\n\t\t\t<dt class='gallery-icon landscape'>\n\t\t\t\t<a href='https:\/\/www.sy-pauline.de\/wordpress\/img_1196\/'><img loading=\"lazy\" decoding=\"async\" width=\"150\" height=\"150\" src=\"https:\/\/www.sy-pauline.de\/wordpress\/wp-content\/uploads\/2014\/06\/IMG_1196-150x150.jpg\" class=\"attachment-thumbnail size-thumbnail\" alt=\"\" aria-describedby=\"gallery-2-252\" \/><\/a>\n\t\t\t<\/dt>\n\t\t\t\t<dd class='wp-caption-text gallery-caption' id='gallery-2-252'>\n\t\t\t\tdann noch eine Drehung um die eigene Achse\n\t\t\t\t<\/dd><\/dl><dl class='gallery-item'>\n\t\t\t<dt class='gallery-icon portrait'>\n\t\t\t\t<a href='https:\/\/www.sy-pauline.de\/wordpress\/img_1202\/'><img loading=\"lazy\" decoding=\"async\" width=\"150\" height=\"150\" src=\"https:\/\/www.sy-pauline.de\/wordpress\/wp-content\/uploads\/2014\/06\/IMG_1202-150x150.jpg\" class=\"attachment-thumbnail size-thumbnail\" alt=\"\" aria-describedby=\"gallery-2-253\" \/><\/a>\n\t\t\t<\/dt>\n\t\t\t\t<dd class='wp-caption-text gallery-caption' id='gallery-2-253'>\n\t\t\t\tund wieder auf dem Boden vor der Durchfahrt.\n\t\t\t\t<\/dd><\/dl>\n\t\t\t<br style='clear: both' \/>\n\t\t<\/div>\n\n<p>und kurz nach 13:00 Uhr stand sie vor der Scheune auf dem Lagerbock.<\/p>\n<p>Als n\u00e4chtes ging es darum Pauline in die Scheune zu bringen.<\/p>\n\n\t\t<style type=\"text\/css\">\n\t\t\t#gallery-3 {\n\t\t\t\tmargin: auto;\n\t\t\t}\n\t\t\t#gallery-3 .gallery-item {\n\t\t\t\tfloat: left;\n\t\t\t\tmargin-top: 10px;\n\t\t\t\ttext-align: center;\n\t\t\t\twidth: 33%;\n\t\t\t}\n\t\t\t#gallery-3 img {\n\t\t\t\tborder: 2px solid #cfcfcf;\n\t\t\t}\n\t\t\t#gallery-3 .gallery-caption {\n\t\t\t\tmargin-left: 0;\n\t\t\t}\n\t\t\t\/* see gallery_shortcode() in wp-includes\/media.php *\/\n\t\t<\/style>\n\t\t<div id='gallery-3' class='gallery galleryid-838 gallery-columns-3 gallery-size-thumbnail'><dl class='gallery-item'>\n\t\t\t<dt class='gallery-icon landscape'>\n\t\t\t\t<a href='https:\/\/www.sy-pauline.de\/wordpress\/img_1497\/'><img loading=\"lazy\" decoding=\"async\" width=\"150\" height=\"150\" src=\"https:\/\/www.sy-pauline.de\/wordpress\/wp-content\/uploads\/2014\/06\/IMG_1497-150x150.jpg\" class=\"attachment-thumbnail size-thumbnail\" alt=\"\" aria-describedby=\"gallery-3-255\" \/><\/a>\n\t\t\t<\/dt>\n\t\t\t\t<dd class='wp-caption-text gallery-caption' id='gallery-3-255'>\n\t\t\t\teng&#8230;\n\t\t\t\t<\/dd><\/dl><dl class='gallery-item'>\n\t\t\t<dt class='gallery-icon landscape'>\n\t\t\t\t<a href='https:\/\/www.sy-pauline.de\/wordpress\/img_1496\/'><img loading=\"lazy\" decoding=\"async\" width=\"150\" height=\"150\" src=\"https:\/\/www.sy-pauline.de\/wordpress\/wp-content\/uploads\/2014\/06\/IMG_1496-150x150.jpg\" class=\"attachment-thumbnail size-thumbnail\" alt=\"\" aria-describedby=\"gallery-3-254\" \/><\/a>\n\t\t\t<\/dt>\n\t\t\t\t<dd class='wp-caption-text gallery-caption' id='gallery-3-254'>\n\t\t\t\tDas war Ma\u00dfarbeit\n\t\t\t\t<\/dd><\/dl><dl class='gallery-item'>\n\t\t\t<dt class='gallery-icon landscape'>\n\t\t\t\t<a href='https:\/\/www.sy-pauline.de\/wordpress\/img_1499\/'><img loading=\"lazy\" decoding=\"async\" width=\"150\" height=\"150\" src=\"https:\/\/www.sy-pauline.de\/wordpress\/wp-content\/uploads\/2014\/06\/IMG_1499-150x150.jpg\" class=\"attachment-thumbnail size-thumbnail\" alt=\"\" aria-describedby=\"gallery-3-256\" \/><\/a>\n\t\t\t<\/dt>\n\t\t\t\t<dd class='wp-caption-text gallery-caption' id='gallery-3-256'>\n\t\t\t\taber es hat gereicht.\n\t\t\t\t<\/dd><\/dl><br style=\"clear: both\" \/><dl class='gallery-item'>\n\t\t\t<dt class='gallery-icon portrait'>\n\t\t\t\t<a href='https:\/\/www.sy-pauline.de\/wordpress\/img_1207\/'><img loading=\"lazy\" decoding=\"async\" width=\"150\" height=\"150\" src=\"https:\/\/www.sy-pauline.de\/wordpress\/wp-content\/uploads\/2014\/06\/IMG_1207-150x150.jpg\" class=\"attachment-thumbnail size-thumbnail\" alt=\"\" aria-describedby=\"gallery-3-258\" \/><\/a>\n\t\t\t<\/dt>\n\t\t\t\t<dd class='wp-caption-text gallery-caption' id='gallery-3-258'>\n\t\t\t\tjetzt geht die eigentliche Arbeit erst richtig los.\n\t\t\t\t<\/dd><\/dl><dl class='gallery-item'>\n\t\t\t<dt class='gallery-icon portrait'>\n\t\t\t\t<a href='https:\/\/www.sy-pauline.de\/wordpress\/img_1206\/'><img loading=\"lazy\" decoding=\"async\" width=\"150\" height=\"150\" src=\"https:\/\/www.sy-pauline.de\/wordpress\/wp-content\/uploads\/2014\/06\/IMG_1206-150x150.jpg\" class=\"attachment-thumbnail size-thumbnail\" alt=\"\" aria-describedby=\"gallery-3-257\" \/><\/a>\n\t\t\t<\/dt>\n\t\t\t\t<dd class='wp-caption-text gallery-caption' id='gallery-3-257'>\n\t\t\t\tPauline am Ziel \ud83d\ude42\n\t\t\t\t<\/dd><\/dl><dl class='gallery-item'>\n\t\t\t<dt class='gallery-icon landscape'>\n\t\t\t\t<a href='https:\/\/www.sy-pauline.de\/wordpress\/logbuch\/der-transport-in-die-heimische-scheune-juli-2014\/img_1498\/'><img loading=\"lazy\" decoding=\"async\" width=\"150\" height=\"150\" src=\"https:\/\/www.sy-pauline.de\/wordpress\/wp-content\/uploads\/2015\/07\/IMG_1498-150x150.jpg\" class=\"attachment-thumbnail size-thumbnail\" alt=\"\" \/><\/a>\n\t\t\t<\/dt><\/dl><br style=\"clear: both\" \/><dl class='gallery-item'>\n\t\t\t<dt class='gallery-icon landscape'>\n\t\t\t\t<a href='https:\/\/www.sy-pauline.de\/wordpress\/logbuch\/der-transport-in-die-heimische-scheune-juli-2014\/img_1500\/'><img loading=\"lazy\" decoding=\"async\" width=\"150\" height=\"150\" src=\"https:\/\/www.sy-pauline.de\/wordpress\/wp-content\/uploads\/2015\/07\/IMG_1500-150x150.jpg\" class=\"attachment-thumbnail size-thumbnail\" alt=\"\" \/><\/a>\n\t\t\t<\/dt><\/dl><dl class='gallery-item'>\n\t\t\t<dt class='gallery-icon landscape'>\n\t\t\t\t<a href='https:\/\/www.sy-pauline.de\/wordpress\/logbuch\/der-transport-in-die-heimische-scheune-juli-2014\/img_1501\/'><img loading=\"lazy\" decoding=\"async\" width=\"150\" height=\"150\" src=\"https:\/\/www.sy-pauline.de\/wordpress\/wp-content\/uploads\/2015\/07\/IMG_1501-150x150.jpg\" class=\"attachment-thumbnail size-thumbnail\" alt=\"\" \/><\/a>\n\t\t\t<\/dt><\/dl>\n\t\t\t<br style='clear: both' \/>\n\t\t<\/div>\n\n<p>&nbsp;<\/p>\n<p>Die erste Tat am Wochenende war noch der Bau einer Treppe damit man moeglichst schnell und halbwegs bequem aufs Schiff kommt.<\/p>\n<p><a href=\"http:\/\/www.sy-pauline.de\/wordpress\/wp-content\/uploads\/2015\/07\/IMG_1504.jpg\"><img loading=\"lazy\" decoding=\"async\" class=\"alignnone size-medium wp-image-868\" src=\"http:\/\/www.sy-pauline.de\/wordpress\/wp-content\/uploads\/2015\/07\/IMG_1504-225x300.jpg\" alt=\"IMG_1504\" width=\"225\" height=\"300\" srcset=\"https:\/\/www.sy-pauline.de\/wordpress\/wp-content\/uploads\/2015\/07\/IMG_1504-225x300.jpg 225w, https:\/\/www.sy-pauline.de\/wordpress\/wp-content\/uploads\/2015\/07\/IMG_1504.jpg 768w, https:\/\/www.sy-pauline.de\/wordpress\/wp-content\/uploads\/2015\/07\/IMG_1504-624x832.jpg 624w\" sizes=\"auto, (max-width: 225px) 100vw, 225px\" \/><\/a> \u00a0 \u00a0 \u00a0 \u00a0 \u00a0 \u00a0 \u00a0\u00a0 <a href=\"http:\/\/www.sy-pauline.de\/wordpress\/wp-content\/uploads\/2015\/07\/IMG_1503.jpg\"><img loading=\"lazy\" decoding=\"async\" class=\"alignnone size-medium wp-image-867\" src=\"http:\/\/www.sy-pauline.de\/wordpress\/wp-content\/uploads\/2015\/07\/IMG_1503-225x300.jpg\" alt=\"IMG_1503\" width=\"225\" height=\"300\" srcset=\"https:\/\/www.sy-pauline.de\/wordpress\/wp-content\/uploads\/2015\/07\/IMG_1503-225x300.jpg 225w, https:\/\/www.sy-pauline.de\/wordpress\/wp-content\/uploads\/2015\/07\/IMG_1503.jpg 768w, https:\/\/www.sy-pauline.de\/wordpress\/wp-content\/uploads\/2015\/07\/IMG_1503-624x832.jpg 624w\" sizes=\"auto, (max-width: 225px) 100vw, 225px\" \/><\/a><\/p>\n<p>Die Treppe hat natuerlich auch noch ein Gel\u00e4nder bekommen.<\/p>\n<p><a href=\"http:\/\/www.sy-pauline.de\/wordpress\/wp-content\/uploads\/2015\/07\/IMG_1646.jpg\"><img loading=\"lazy\" decoding=\"async\" class=\"alignnone size-medium wp-image-870\" src=\"http:\/\/www.sy-pauline.de\/wordpress\/wp-content\/uploads\/2015\/07\/IMG_1646-300x225.jpg\" alt=\"IMG_1646\" width=\"300\" height=\"225\" srcset=\"https:\/\/www.sy-pauline.de\/wordpress\/wp-content\/uploads\/2015\/07\/IMG_1646-300x225.jpg 300w, https:\/\/www.sy-pauline.de\/wordpress\/wp-content\/uploads\/2015\/07\/IMG_1646.jpg 1024w, https:\/\/www.sy-pauline.de\/wordpress\/wp-content\/uploads\/2015\/07\/IMG_1646-624x468.jpg 624w\" sizes=\"auto, (max-width: 300px) 100vw, 300px\" \/><\/a><\/p>\n","protected":false},"excerpt":{"rendered":"<p>Eigentlich wollten wir die Pauline ja mit dem eigenen H\u00e4nger zu uns holen. Allerdings hat sich dann herausgestellt das das Schiff wohl etwas zu schwer f\u00fcr den Anh\u00e4nger ist, jedenfalls waere der Anhaenger schon mit dem Leergewicht \u00fcberladen gewesen. Da die Pauline aber ueber 1 Tonne mehr als das eingetragene Leergewicht am Haken hatte w\u00e4re [&hellip;]<\/p>\n","protected":false},"author":1,"featured_media":0,"parent":831,"menu_order":2,"comment_status":"closed","ping_status":"open","template":"","meta":{"footnotes":""},"class_list":["post-838","page","type-page","status-publish","hentry"],"_links":{"self":[{"href":"https:\/\/www.sy-pauline.de\/wordpress\/wp-json\/wp\/v2\/pages\/838","targetHints":{"allow":["GET"]}}],"collection":[{"href":"https:\/\/www.sy-pauline.de\/wordpress\/wp-json\/wp\/v2\/pages"}],"about":[{"href":"https:\/\/www.sy-pauline.de\/wordpress\/wp-json\/wp\/v2\/types\/page"}],"author":[{"embeddable":true,"href":"https:\/\/www.sy-pauline.de\/wordpress\/wp-json\/wp\/v2\/users\/1"}],"replies":[{"embeddable":true,"href":"https:\/\/www.sy-pauline.de\/wordpress\/wp-json\/wp\/v2\/comments?post=838"}],"version-history":[{"count":6,"href":"https:\/\/www.sy-pauline.de\/wordpress\/wp-json\/wp\/v2\/pages\/838\/revisions"}],"predecessor-version":[{"id":871,"href":"https:\/\/www.sy-pauline.de\/wordpress\/wp-json\/wp\/v2\/pages\/838\/revisions\/871"}],"up":[{"embeddable":true,"href":"https:\/\/www.sy-pauline.de\/wordpress\/wp-json\/wp\/v2\/pages\/831"}],"wp:attachment":[{"href":"https:\/\/www.sy-pauline.de\/wordpress\/wp-json\/wp\/v2\/media?parent=838"}],"curies":[{"name":"wp","href":"https:\/\/api.w.org\/{rel}","templated":true}]}}