{"id":140,"date":"2014-06-12T18:11:02","date_gmt":"2014-06-12T18:11:02","guid":{"rendered":"http:\/\/www.sy-pauline.de\/wordpress\/?page_id=140"},"modified":"2015-08-05T19:47:13","modified_gmt":"2015-08-05T19:47:13","slug":"pauline-und-ihre-mase","status":"publish","type":"page","link":"https:\/\/www.sy-pauline.de\/wordpress\/pauline-und-ihre-mase\/","title":{"rendered":"Pauline und ihre Ma\u00dfe"},"content":{"rendered":"<p>Hersteller: Van Wijk u. Zoon\/NL<\/p>\n<p>Typ: Wibo 930<\/p>\n<p>Baujahr: 1975<\/p>\n<p>Werkstoff: Stahl<\/p>\n<p>Verdr\u00e4ngung: 4650 kg ( letztes Gewicht am Haken vom Kran war 5640kg )<\/p>\n<p>Ma\u00dfe (L\u00fca, B\u00fca, Tiefe) in m: 9,30 x 2,90 x 1,38<\/p>\n<p>Motor: Yanmar 3GM30F, MotorNr. 05400 , Baujahr 1987, 19,9KW (27,0 PS), Diesel<\/p>\n","protected":false},"excerpt":{"rendered":"<p>Hersteller: Van Wijk u. Zoon\/NL Typ: Wibo 930 Baujahr: 1975 Werkstoff: Stahl Verdr\u00e4ngung: 4650 kg ( letztes Gewicht am Haken vom Kran war 5640kg ) Ma\u00dfe (L\u00fca, B\u00fca, Tiefe) in m: 9,30 x 2,90 x 1,38 Motor: Yanmar 3GM30F, MotorNr. 05400 , Baujahr 1987, 19,9KW (27,0 PS), Diesel<\/p>\n","protected":false},"author":1,"featured_media":0,"parent":0,"menu_order":1,"comment_status":"closed","ping_status":"open","template":"","meta":{"footnotes":""},"class_list":["post-140","page","type-page","status-publish","hentry"],"_links":{"self":[{"href":"https:\/\/www.sy-pauline.de\/wordpress\/wp-json\/wp\/v2\/pages\/140","targetHints":{"allow":["GET"]}}],"collection":[{"href":"https:\/\/www.sy-pauline.de\/wordpress\/wp-json\/wp\/v2\/pages"}],"about":[{"href":"https:\/\/www.sy-pauline.de\/wordpress\/wp-json\/wp\/v2\/types\/page"}],"author":[{"embeddable":true,"href":"https:\/\/www.sy-pauline.de\/wordpress\/wp-json\/wp\/v2\/users\/1"}],"replies":[{"embeddable":true,"href":"https:\/\/www.sy-pauline.de\/wordpress\/wp-json\/wp\/v2\/comments?post=140"}],"version-history":[{"count":5,"href":"https:\/\/www.sy-pauline.de\/wordpress\/wp-json\/wp\/v2\/pages\/140\/revisions"}],"predecessor-version":[{"id":162,"href":"https:\/\/www.sy-pauline.de\/wordpress\/wp-json\/wp\/v2\/pages\/140\/revisions\/162"}],"wp:attachment":[{"href":"https:\/\/www.sy-pauline.de\/wordpress\/wp-json\/wp\/v2\/media?parent=140"}],"curies":[{"name":"wp","href":"https:\/\/api.w.org\/{rel}","templated":true}]}}